{"id":7815,"date":"2023-07-11T12:29:02","date_gmt":"2023-07-11T12:29:02","guid":{"rendered":"https:\/\/staging.laboratoires-delbert.fr\/international\/"},"modified":"2024-03-06T11:12:43","modified_gmt":"2024-03-06T11:12:43","slug":"international","status":"publish","type":"page","link":"https:\/\/staging24.delbertpharma.com\/de\/international\/","title":{"rendered":"International"},"content":{"rendered":"<p><div class=\"fusion-fullwidth fullwidth-box fusion-builder-row-1 hundred-percent-fullwidth non-hundred-percent-height-scrolling\" style=\"--awb-border-radius-top-left:0px;--awb-border-radius-top-right:0px;--awb-border-radius-bottom-right:0px;--awb-border-radius-bottom-left:0px;--awb-flex-wrap:wrap;\" ><div class=\"fusion-builder-row fusion-row\"><div class=\"fusion-layout-column fusion_builder_column fusion-builder-column-0 fusion_builder_column_1_1 1_1 fusion-one-full fusion-column-first fusion-column-last\" style=\"--awb-bg-blend:overlay;--awb-bg-size:cover;\"><div class=\"fusion-column-wrapper fusion-column-has-shadow fusion-flex-column-wrapper-legacy\"><div class=\"fusion-column-content-centered\"><div class=\"fusion-column-content\"><div class=\"fusion-text fusion-text-1\"><h6 class=\"fusion-responsive-typography-calculated\" style=\"--fontsize: 18; line-height: 1.55; --minfontsize: 18; text-align: center;\" data-fontsize=\"18\" data-lineheight=\"27.9px\">Delbert Pharma<\/h6>\n<h1 class=\"fusion-responsive-typography-calculated\" style=\"--fontsize: 35; line-height: 1.36; text-align: center;\" data-fontsize=\"35\" data-lineheight=\"47.6px\">Unsere weltweite Pr\u00e4senz mit unseren Gesch\u00e4fts- und Vertriebspartnern<\/h1>\n<\/div><\/div><\/div><div class=\"fusion-clearfix\"><\/div><\/div><\/div><\/div><\/div><div class=\"fusion-fullwidth fullwidth-box fusion-builder-row-2 hundred-percent-fullwidth non-hundred-percent-height-scrolling\" style=\"--awb-border-radius-top-left:0px;--awb-border-radius-top-right:0px;--awb-border-radius-bottom-right:0px;--awb-border-radius-bottom-left:0px;--awb-padding-top:100px;--awb-flex-wrap:wrap;\" ><div class=\"fusion-builder-row fusion-row\"><div class=\"fusion-layout-column fusion_builder_column fusion-builder-column-1 fusion_builder_column_1_6 1_6 fusion-one-sixth fusion-column-first\" style=\"--awb-bg-blend:overlay;--awb-bg-size:cover;width:16.666666666667%;width:calc(16.666666666667% - ( ( 4% + 4% ) * 0.16666666666667 ) );margin-right: 4%;\"><div class=\"fusion-column-wrapper fusion-column-has-shadow fusion-flex-column-wrapper-legacy\"><div class=\"fusion-clearfix\"><\/div><\/div><\/div><div class=\"fusion-layout-column fusion_builder_column fusion-builder-column-2 fusion_builder_column_1_3 1_3 fusion-one-third\" style=\"--awb-bg-blend:overlay;--awb-bg-size:cover;width:33.333333333333%;width:calc(33.333333333333% - ( ( 4% + 4% ) * 0.33333333333333 ) );margin-right: 4%;\"><div class=\"fusion-column-wrapper fusion-column-has-shadow fusion-flex-column-wrapper-legacy\"><div class=\"fusion-text fusion-text-2\" style=\"--awb-content-alignment:justify;\"><p>Um weitere Medikamente mit gro\u00dfem therapeutischem Bedarf zu entwickeln und einer m\u00f6glichst gro\u00dfen Zahl von Patienten zug\u00e4nglich zu machen, strebt Delbert Pharma m\u00f6glichst viele strategische Allianzen mit anderen pharmazeutischen Unternehmen an. Delbert Pharma unterh\u00e4lt etwa ein Dutzend Partnerschaften in Europa und der ganzen Welt.<\/p>\n<p>Um den Erfolg dieser Bem\u00fchungen zu gew\u00e4hrleisten, b\u00fcndelt Delbert Pharma seine spezifischen Anstrengungen und Kompetenzen auf Entwicklungsprojekte und auf registrierte und vermarktete Medikamente.<\/p>\n<\/div><div class=\"fusion-clearfix\"><\/div><\/div><\/div><div class=\"fusion-layout-column fusion_builder_column fusion-builder-column-3 fusion_builder_column_1_3 1_3 fusion-one-third fusion-column-last\" style=\"--awb-padding-left:80px;--awb-bg-blend:overlay;--awb-bg-size:cover;--awb-margin-top:20px;width:33.333333333333%;width:calc(33.333333333333% - ( ( 4% + 4% ) * 0.33333333333333 ) );\"><div class=\"fusion-column-wrapper fusion-column-has-shadow fusion-flex-column-wrapper-legacy\"><div class=\"fusion-align-block\"><a class=\"fusion-button button-flat button-xlarge button-custom fusion-button-default button-1 fusion-button-span-yes fusion-button-default-type\" style=\"--button_accent_color:#ffffff;--button_accent_hover_color:#4e87a0;--button_border_hover_color:#ffffff;--button_gradient_top_color:#4e87a0;--button_gradient_bottom_color:#4e87a0;--button_gradient_top_color_hover:#ffffff;--button_gradient_bottom_color_hover:#ffffff;\" target=\"_self\" href=\"https:\/\/staging24.delbertpharma.com\/de\/partners\/\"><span class=\"fusion-button-text\">UNSERE PARTNER<\/span><\/a><\/div><div class=\"fusion-sep-clear\"><\/div><div class=\"fusion-separator fusion-full-width-sep\" style=\"margin-left: auto;margin-right: auto;margin-top:30px;margin-bottom:30px;width:100%;\"><div class=\"fusion-separator-border sep-single\" style=\"--awb-height:20px;--awb-amount:20px;border-color:#50a684;border-top-width:0px;\"><\/div><\/div><div class=\"fusion-sep-clear\"><\/div><div class=\"fusion-align-block\"><a class=\"fusion-button button-flat button-xlarge button-custom fusion-button-default button-2 fusion-button-span-yes fusion-button-default-type\" style=\"--button_accent_color:#ffffff;--button_accent_hover_color:#4e87a0;--button_border_hover_color:#ffffff;--button_gradient_top_color:#4e87a0;--button_gradient_bottom_color:#4e87a0;--button_gradient_top_color_hover:#ffffff;--button_gradient_bottom_color_hover:#ffffff;\" target=\"_self\" href=\"https:\/\/staging24.delbertpharma.com\/de\/unsere-produkte\/\"><span class=\"fusion-button-text\">UNSERE PRODUKTE<\/span><\/a><\/div><div class=\"fusion-clearfix\"><\/div><\/div><\/div><\/div><\/div><\/p>\n","protected":false},"excerpt":{"rendered":"","protected":false},"author":1,"featured_media":7228,"parent":0,"menu_order":0,"comment_status":"closed","ping_status":"closed","template":"100-width.php","meta":{"footnotes":""},"yoast_head":"<!-- This site is optimized with the Yoast SEO plugin v22.8 - https:\/\/yoast.com\/wordpress\/plugins\/seo\/ -->\n<title>Laboratoires Delbert in der Welt<\/title>\n<meta name=\"description\" content=\"AMM des m\u00e9dicaments Xyllomac (Clamoxyl), Levmentin (Augmentin), Extencilline, Oxycodone, Piportil, Fomicyt, Istopen, Lepticur\" \/>\n<meta name=\"robots\" content=\"noindex, follow, max-snippet:-1, max-image-preview:large, max-video-preview:-1\" \/>\n<meta property=\"og:locale\" content=\"de_DE\" \/>\n<meta property=\"og:type\" content=\"article\" \/>\n<meta property=\"og:title\" content=\"Laboratoires Delbert in der Welt\" \/>\n<meta property=\"og:description\" content=\"AMM des m\u00e9dicaments Xyllomac (Clamoxyl), Levmentin (Augmentin), Extencilline, Oxycodone, Piportil, Fomicyt, Istopen, Lepticur\" \/>\n<meta property=\"og:url\" content=\"https:\/\/staging24.delbertpharma.com\/de\/international\/\" \/>\n<meta property=\"og:site_name\" content=\"Delbert Pharma\" \/>\n<meta property=\"article:modified_time\" content=\"2024-03-06T11:12:43+00:00\" \/>\n<meta property=\"og:image\" content=\"https:\/\/staging24.delbertpharma.com\/wp-content\/uploads\/2020\/12\/Logo-Laboratoires-Delbert-400x400-1.png\" \/>\n\t<meta property=\"og:image:width\" content=\"400\" \/>\n\t<meta property=\"og:image:height\" content=\"400\" \/>\n\t<meta property=\"og:image:type\" content=\"image\/png\" \/>\n<meta name=\"twitter:card\" content=\"summary_large_image\" \/>\n<meta name=\"twitter:label1\" content=\"Gesch\u00e4tzte Lesezeit\" \/>\n\t<meta name=\"twitter:data1\" content=\"1\u00a0Minute\" \/>\n<script type=\"application\/ld+json\" class=\"yoast-schema-graph\">{\"@context\":\"https:\/\/schema.org\",\"@graph\":[{\"@type\":\"WebPage\",\"@id\":\"https:\/\/staging24.delbertpharma.com\/de\/international\/\",\"url\":\"https:\/\/staging24.delbertpharma.com\/de\/international\/\",\"name\":\"Laboratoires Delbert in der Welt\",\"isPartOf\":{\"@id\":\"https:\/\/staging24.delbertpharma.com\/#website\"},\"primaryImageOfPage\":{\"@id\":\"https:\/\/staging24.delbertpharma.com\/de\/international\/#primaryimage\"},\"image\":{\"@id\":\"https:\/\/staging24.delbertpharma.com\/de\/international\/#primaryimage\"},\"thumbnailUrl\":\"https:\/\/staging24.delbertpharma.com\/wp-content\/uploads\/2020\/12\/Logo-Laboratoires-Delbert-400x400-1.png\",\"datePublished\":\"2023-07-11T12:29:02+00:00\",\"dateModified\":\"2024-03-06T11:12:43+00:00\",\"description\":\"AMM des m\u00e9dicaments Xyllomac (Clamoxyl), Levmentin (Augmentin), Extencilline, Oxycodone, Piportil, Fomicyt, Istopen, Lepticur\",\"breadcrumb\":{\"@id\":\"https:\/\/staging24.delbertpharma.com\/de\/international\/#breadcrumb\"},\"inLanguage\":\"de\",\"potentialAction\":[{\"@type\":\"ReadAction\",\"target\":[\"https:\/\/staging24.delbertpharma.com\/de\/international\/\"]}]},{\"@type\":\"ImageObject\",\"inLanguage\":\"de\",\"@id\":\"https:\/\/staging24.delbertpharma.com\/de\/international\/#primaryimage\",\"url\":\"https:\/\/staging24.delbertpharma.com\/wp-content\/uploads\/2020\/12\/Logo-Laboratoires-Delbert-400x400-1.png\",\"contentUrl\":\"https:\/\/staging24.delbertpharma.com\/wp-content\/uploads\/2020\/12\/Logo-Laboratoires-Delbert-400x400-1.png\",\"width\":400,\"height\":400},{\"@type\":\"BreadcrumbList\",\"@id\":\"https:\/\/staging24.delbertpharma.com\/de\/international\/#breadcrumb\",\"itemListElement\":[{\"@type\":\"ListItem\",\"position\":1,\"name\":\"Accueil\",\"item\":\"https:\/\/staging24.delbertpharma.com\/de\/\"},{\"@type\":\"ListItem\",\"position\":2,\"name\":\"International\"}]},{\"@type\":\"WebSite\",\"@id\":\"https:\/\/staging24.delbertpharma.com\/#website\",\"url\":\"https:\/\/staging24.delbertpharma.com\/\",\"name\":\"Delbert Pharma\",\"description\":\"Une autre vision du m\u00e9dicament\",\"publisher\":{\"@id\":\"https:\/\/staging24.delbertpharma.com\/#organization\"},\"potentialAction\":[{\"@type\":\"SearchAction\",\"target\":{\"@type\":\"EntryPoint\",\"urlTemplate\":\"https:\/\/staging24.delbertpharma.com\/?s={search_term_string}\"},\"query-input\":\"required name=search_term_string\"}],\"inLanguage\":\"de\"},{\"@type\":\"Organization\",\"@id\":\"https:\/\/staging24.delbertpharma.com\/#organization\",\"name\":\"Laboratoires Delbert\",\"url\":\"https:\/\/staging24.delbertpharma.com\/\",\"logo\":{\"@type\":\"ImageObject\",\"inLanguage\":\"de\",\"@id\":\"https:\/\/staging24.delbertpharma.com\/#\/schema\/logo\/image\/\",\"url\":\"https:\/\/staging24.delbertpharma.com\/wp-content\/uploads\/2019\/02\/logo_laboratoires_delbert.png\",\"contentUrl\":\"https:\/\/staging24.delbertpharma.com\/wp-content\/uploads\/2019\/02\/logo_laboratoires_delbert.png\",\"width\":220,\"height\":156,\"caption\":\"Laboratoires Delbert\"},\"image\":{\"@id\":\"https:\/\/staging24.delbertpharma.com\/#\/schema\/logo\/image\/\"}}]}<\/script>\n<!-- \/ Yoast SEO plugin. -->","yoast_head_json":{"title":"Laboratoires Delbert in der Welt","description":"AMM des m\u00e9dicaments Xyllomac (Clamoxyl), Levmentin (Augmentin), Extencilline, Oxycodone, Piportil, Fomicyt, Istopen, Lepticur","robots":{"index":"noindex","follow":"follow","max-snippet":"max-snippet:-1","max-image-preview":"max-image-preview:large","max-video-preview":"max-video-preview:-1"},"og_locale":"de_DE","og_type":"article","og_title":"Laboratoires Delbert in der Welt","og_description":"AMM des m\u00e9dicaments Xyllomac (Clamoxyl), Levmentin (Augmentin), Extencilline, Oxycodone, Piportil, Fomicyt, Istopen, Lepticur","og_url":"https:\/\/staging24.delbertpharma.com\/de\/international\/","og_site_name":"Delbert Pharma","article_modified_time":"2024-03-06T11:12:43+00:00","og_image":[{"width":400,"height":400,"url":"https:\/\/staging24.delbertpharma.com\/wp-content\/uploads\/2020\/12\/Logo-Laboratoires-Delbert-400x400-1.png","type":"image\/png"}],"twitter_card":"summary_large_image","twitter_misc":{"Gesch\u00e4tzte Lesezeit":"1\u00a0Minute"},"schema":{"@context":"https:\/\/schema.org","@graph":[{"@type":"WebPage","@id":"https:\/\/staging24.delbertpharma.com\/de\/international\/","url":"https:\/\/staging24.delbertpharma.com\/de\/international\/","name":"Laboratoires Delbert in der Welt","isPartOf":{"@id":"https:\/\/staging24.delbertpharma.com\/#website"},"primaryImageOfPage":{"@id":"https:\/\/staging24.delbertpharma.com\/de\/international\/#primaryimage"},"image":{"@id":"https:\/\/staging24.delbertpharma.com\/de\/international\/#primaryimage"},"thumbnailUrl":"https:\/\/staging24.delbertpharma.com\/wp-content\/uploads\/2020\/12\/Logo-Laboratoires-Delbert-400x400-1.png","datePublished":"2023-07-11T12:29:02+00:00","dateModified":"2024-03-06T11:12:43+00:00","description":"AMM des m\u00e9dicaments Xyllomac (Clamoxyl), Levmentin (Augmentin), Extencilline, Oxycodone, Piportil, Fomicyt, Istopen, Lepticur","breadcrumb":{"@id":"https:\/\/staging24.delbertpharma.com\/de\/international\/#breadcrumb"},"inLanguage":"de","potentialAction":[{"@type":"ReadAction","target":["https:\/\/staging24.delbertpharma.com\/de\/international\/"]}]},{"@type":"ImageObject","inLanguage":"de","@id":"https:\/\/staging24.delbertpharma.com\/de\/international\/#primaryimage","url":"https:\/\/staging24.delbertpharma.com\/wp-content\/uploads\/2020\/12\/Logo-Laboratoires-Delbert-400x400-1.png","contentUrl":"https:\/\/staging24.delbertpharma.com\/wp-content\/uploads\/2020\/12\/Logo-Laboratoires-Delbert-400x400-1.png","width":400,"height":400},{"@type":"BreadcrumbList","@id":"https:\/\/staging24.delbertpharma.com\/de\/international\/#breadcrumb","itemListElement":[{"@type":"ListItem","position":1,"name":"Accueil","item":"https:\/\/staging24.delbertpharma.com\/de\/"},{"@type":"ListItem","position":2,"name":"International"}]},{"@type":"WebSite","@id":"https:\/\/staging24.delbertpharma.com\/#website","url":"https:\/\/staging24.delbertpharma.com\/","name":"Delbert Pharma","description":"Une autre vision du m\u00e9dicament","publisher":{"@id":"https:\/\/staging24.delbertpharma.com\/#organization"},"potentialAction":[{"@type":"SearchAction","target":{"@type":"EntryPoint","urlTemplate":"https:\/\/staging24.delbertpharma.com\/?s={search_term_string}"},"query-input":"required name=search_term_string"}],"inLanguage":"de"},{"@type":"Organization","@id":"https:\/\/staging24.delbertpharma.com\/#organization","name":"Laboratoires Delbert","url":"https:\/\/staging24.delbertpharma.com\/","logo":{"@type":"ImageObject","inLanguage":"de","@id":"https:\/\/staging24.delbertpharma.com\/#\/schema\/logo\/image\/","url":"https:\/\/staging24.delbertpharma.com\/wp-content\/uploads\/2019\/02\/logo_laboratoires_delbert.png","contentUrl":"https:\/\/staging24.delbertpharma.com\/wp-content\/uploads\/2019\/02\/logo_laboratoires_delbert.png","width":220,"height":156,"caption":"Laboratoires Delbert"},"image":{"@id":"https:\/\/staging24.delbertpharma.com\/#\/schema\/logo\/image\/"}}]}},"_links":{"self":[{"href":"https:\/\/staging24.delbertpharma.com\/de\/wp-json\/wp\/v2\/pages\/7815"}],"collection":[{"href":"https:\/\/staging24.delbertpharma.com\/de\/wp-json\/wp\/v2\/pages"}],"about":[{"href":"https:\/\/staging24.delbertpharma.com\/de\/wp-json\/wp\/v2\/types\/page"}],"author":[{"embeddable":true,"href":"https:\/\/staging24.delbertpharma.com\/de\/wp-json\/wp\/v2\/users\/1"}],"replies":[{"embeddable":true,"href":"https:\/\/staging24.delbertpharma.com\/de\/wp-json\/wp\/v2\/comments?post=7815"}],"version-history":[{"count":11,"href":"https:\/\/staging24.delbertpharma.com\/de\/wp-json\/wp\/v2\/pages\/7815\/revisions"}],"predecessor-version":[{"id":8936,"href":"https:\/\/staging24.delbertpharma.com\/de\/wp-json\/wp\/v2\/pages\/7815\/revisions\/8936"}],"wp:featuredmedia":[{"embeddable":true,"href":"https:\/\/staging24.delbertpharma.com\/de\/wp-json\/wp\/v2\/media\/7228"}],"wp:attachment":[{"href":"https:\/\/staging24.delbertpharma.com\/de\/wp-json\/wp\/v2\/media?parent=7815"}],"curies":[{"name":"wp","href":"https:\/\/api.w.org\/{rel}","templated":true}]}}