{"id":7528,"date":"2023-06-29T08:30:48","date_gmt":"2023-06-29T08:30:48","guid":{"rendered":"https:\/\/staging.laboratoires-delbert.fr\/kontakt\/"},"modified":"2023-12-12T11:53:30","modified_gmt":"2023-12-12T11:53:30","slug":"kontakt","status":"publish","type":"page","link":"https:\/\/staging24.delbertpharma.com\/de\/kontakt\/","title":{"rendered":"Kontakt"},"content":{"rendered":"<p><div class=\"fusion-fullwidth fullwidth-box fusion-builder-row-1 nonhundred-percent-fullwidth non-hundred-percent-height-scrolling\" style=\"--awb-background-position:left top;--awb-border-sizes-top:0px;--awb-border-sizes-bottom:0px;--awb-border-sizes-left:0px;--awb-border-sizes-right:0px;--awb-border-radius-top-left:0px;--awb-border-radius-top-right:0px;--awb-border-radius-bottom-right:0px;--awb-border-radius-bottom-left:0px;--awb-margin-top:70px;--awb-margin-bottom:70px;--awb-flex-wrap:wrap;\" ><div class=\"fusion-builder-row fusion-row\"><div class=\"fusion-layout-column fusion_builder_column fusion-builder-column-0 fusion_builder_column_3_5 3_5 fusion-three-fifth fusion-column-first\" style=\"--awb-padding-right:50px;--awb-bg-size:cover;width:58.4%; margin-right: 4%;\"><div class=\"fusion-column-wrapper fusion-column-has-shadow fusion-flex-column-wrapper-legacy\"><div class=\"fusion-title title fusion-title-1 fusion-sep-none fusion-title-text fusion-title-size-one\"><h1 class=\"fusion-title-heading title-heading-left fusion-responsive-typography-calculated\" style=\"margin:0;--fontSize:35;line-height:1.36;\"><h1>KONTAKTIEREN SIE UNS<\/h1><\/h1><\/div><div class=\"fusion-sep-clear\"><\/div><div class=\"fusion-separator fusion-clearfix\" style=\"float:left;margin-bottom:30px;width:100%;max-width:170px;\"><div class=\"fusion-separator-border sep-single sep-solid\" style=\"--awb-height:20px;--awb-amount:20px;border-color:#50a684;border-top-width:4px;\"><\/div><\/div><div class=\"fusion-sep-clear\"><\/div><div class=\"fusion-text fusion-text-1\"><p>F\u00fcr medizinische Anfragen, Meldung von Nebenwirkungen oder Beschwerden k\u00f6nnen Sie sich direkt an unsere Abteilung f\u00fcr Pharmazeutische Angelegenheiten wenden. Wir sind von Montag bis Freitag von 9:00 bis 17:30 Uhr erreichbar.<\/p>\n<p>49, rue Rouelle<br \/>\n75015 PARIS<\/p>\n<p>Telefon :+33 1 46 99 68 20<\/p>\n<p>Fax : +33 9 83 62 84 24<\/p>\n<p>Kontakt f\u00fcr Krankenhausapotheken: +33 6 14 54 68 74<\/p>\n<\/div><div class=\"fusion-clearfix\"><\/div><\/div><\/div><div class=\"fusion-layout-column fusion_builder_column fusion-builder-column-1 fusion_builder_column_2_5 2_5 fusion-two-fifth fusion-column-last\" style=\"--awb-padding-right:60px;--awb-bg-blend:overlay;--awb-bg-size:cover;width:37.6%;\"><div class=\"fusion-column-wrapper fusion-column-has-shadow fusion-flex-column-wrapper-legacy\"><div class=\"fusion-text fusion-text-2\">\n<div class=\"wpcf7 no-js\" id=\"wpcf7-f7849-o1\" lang=\"fr-FR\" dir=\"ltr\">\n<div class=\"screen-reader-response\"><p role=\"status\" aria-live=\"polite\" aria-atomic=\"true\"><\/p> <ul><\/ul><\/div>\n<form action=\"\/de\/wp-json\/wp\/v2\/pages\/7528#wpcf7-f7849-o1\" method=\"post\" class=\"wpcf7-form init\" aria-label=\"Formulaire de contact\" novalidate=\"novalidate\" data-status=\"init\">\n<div style=\"display: none;\">\n<input type=\"hidden\" name=\"_wpcf7\" value=\"7849\" \/>\n<input type=\"hidden\" name=\"_wpcf7_version\" value=\"5.9.5\" \/>\n<input type=\"hidden\" name=\"_wpcf7_locale\" value=\"fr_FR\" \/>\n<input type=\"hidden\" name=\"_wpcf7_unit_tag\" value=\"wpcf7-f7849-o1\" \/>\n<input type=\"hidden\" name=\"_wpcf7_container_post\" value=\"0\" \/>\n<input type=\"hidden\" name=\"_wpcf7_posted_data_hash\" value=\"\" \/>\n<input type=\"hidden\" name=\"_wpcf7_recaptcha_response\" value=\"\" \/>\n<\/div>\n<p><label> Name (obligatorisch)<br \/>\n<span class=\"wpcf7-form-control-wrap\" data-name=\"your-name\"><input size=\"40\" class=\"wpcf7-form-control wpcf7-text wpcf7-validates-as-required\" aria-required=\"true\" aria-invalid=\"false\" value=\"\" type=\"text\" name=\"your-name\" \/><\/span> <\/label>\n<\/p>\n<p><label> Email (obligatorisch)<br \/>\n<span class=\"wpcf7-form-control-wrap\" data-name=\"your-email\"><input size=\"40\" class=\"wpcf7-form-control wpcf7-email wpcf7-validates-as-required wpcf7-text wpcf7-validates-as-email\" aria-required=\"true\" aria-invalid=\"false\" value=\"\" type=\"email\" name=\"your-email\" \/><\/span> <\/label>\n<\/p>\n<p><label> Betreff (obligatorisch)<br \/>\n<span class=\"wpcf7-form-control-wrap\" data-name=\"your-subject\"><input size=\"40\" class=\"wpcf7-form-control wpcf7-text wpcf7-validates-as-required\" aria-required=\"true\" aria-invalid=\"false\" value=\"\" type=\"text\" name=\"your-subject\" \/><\/span> <\/label>\n<\/p>\n<p><label> Ihre Nachricht (obligatorisch)<br \/>\n<span class=\"wpcf7-form-control-wrap\" data-name=\"your-message\"><textarea cols=\"40\" rows=\"10\" class=\"wpcf7-form-control wpcf7-textarea wpcf7-validates-as-required\" aria-required=\"true\" aria-invalid=\"false\" name=\"your-message\"><\/textarea><\/span> <\/label>\n<\/p>\n<p><span class=\"wpcf7-form-control-wrap\" data-name=\"accept-condition\"><span class=\"wpcf7-form-control wpcf7-acceptance\"><span class=\"wpcf7-list-item\"><label><input type=\"checkbox\" name=\"accept-condition\" value=\"1\" aria-invalid=\"false\" \/><span class=\"wpcf7-list-item-label\"><a href=\"datenschutzrichtlinie\" target=\"_blank\">Ich akzeptiere die allgemeinen Nutzungsbedingungen <\/a><\/span><\/label><\/span><\/span><\/span>\n<\/p>\n<p><input class=\"wpcf7-form-control wpcf7-submit has-spinner\" type=\"submit\" value=\"Senden\" \/>\n<\/p><p style=\"display: none !important;\" class=\"akismet-fields-container\" data-prefix=\"_wpcf7_ak_\"><label>&#916;<textarea name=\"_wpcf7_ak_hp_textarea\" cols=\"45\" rows=\"8\" maxlength=\"100\"><\/textarea><\/label><input type=\"hidden\" id=\"ak_js_1\" name=\"_wpcf7_ak_js\" value=\"229\"\/><script>document.getElementById( \"ak_js_1\" ).setAttribute( \"value\", ( new Date() ).getTime() );<\/script><\/p><div class=\"fusion-alert alert custom alert-custom fusion-alert-center wpcf7-response-output fusion-alert-capitalize awb-alert-native-link-color alert-dismissable awb-alert-close-boxed\" style=\"--awb-border-top-left-radius:0px;--awb-border-top-right-radius:0px;--awb-border-bottom-left-radius:0px;--awb-border-bottom-right-radius:0px;\" role=\"alert\"><div class=\"fusion-alert-content-wrapper\"><span class=\"fusion-alert-content\"><\/span><\/div><button type=\"button\" class=\"close toggle-alert\" data-dismiss=\"alert\" aria-label=\"Close\">&times;<\/button><\/div>\n<\/form>\n<\/div>\n\n<\/div><div class=\"fusion-clearfix\"><\/div><\/div><\/div><\/div><\/div><div class=\"fusion-fullwidth fullwidth-box fusion-builder-row-2 nonhundred-percent-fullwidth non-hundred-percent-height-scrolling\" style=\"--awb-border-radius-top-left:0px;--awb-border-radius-top-right:0px;--awb-border-radius-bottom-right:0px;--awb-border-radius-bottom-left:0px;--awb-padding-top:20px;--awb-padding-bottom:80px;--awb-margin-top:-30px;--awb-margin-bottom:-20px;--awb-background-color:#4e87a0;--awb-flex-wrap:wrap;\" ><div class=\"fusion-builder-row fusion-row\"><div class=\"fusion-layout-column fusion_builder_column fusion-builder-column-2 fusion_builder_column_1_2 1_2 fusion-one-half fusion-column-first fusion-column-no-min-height\" style=\"--awb-bg-color:rgba(102,102,164,0);--awb-bg-color-hover:rgba(102,102,164,0);--awb-bg-size:cover;width:50%;width:calc(50% - ( ( 4% ) * 0.5 ) );margin-right: 4%;\"><div class=\"fusion-column-wrapper fusion-column-has-shadow fusion-flex-column-wrapper-legacy\"><div class=\"fusion-column-content-centered\"><div class=\"fusion-column-content\"><div class=\"fusion-text fusion-text-3\"><div class=\"heading icon-left\">\n<h2 class=\"content-box-heading\" data-inline-fontsize=\"true\" data-inline-lineheight=\"true\" data-fontsize=\"30\" data-lineheight=\"35\"><span style=\"color: #ffffff;\">PHARMAKOVIGILANZ<\/span><\/h2>\n<\/div>\n<div class=\"fusion-clearfix\"><span style=\"color: #ffffff;\">Um eine unerw\u00fcnschte Nebenwirkung in Zusammenhang mit der Einnahme eines unserer Produkte zu melden:<\/span><\/div>\n<div class=\"content-container\">\n<p><span style=\"color: #ffffff;\">Kontaktieren Sie uns: Email: delbertpvmi.dach@biomapas.com. Telefon: <span id=\"eeb-732161-408154\"><\/span><script type=\"text\/javascript\">(function(){var ml=\"53470B2%9\",mi=\"765287641476466764807643176408\",o=\"\";for(var j=0,l=mi.length;j<l;j++){o+=ml.charAt(mi.charCodeAt(j)-48);}document.getElementById(\"eeb-732161-408154\").innerHTML = decodeURIComponent(o);}());<\/script><noscript>*protected email*<\/noscript> (Deutschland) oder +43 720 02 24 70 (\u00d6sterreich).<\/span><\/p>\n<p><span style=\"color: #ffffff;\">Die Meldung des Verdachts auf Nebenwirkungen nach der Zulassung ist von gro\u00dfer Wichtigkeit. Sie erm\u00f6glicht eine kontinuierliche \u00dcberwachung des Nutzen-Risiko-Verh\u00e4ltnisses des Arzneimittels. Angeh\u00f6rige von Gesundheitsberufen sind aufgefordert, jeden Verdachtsfall einer Nebenwirkung anzuzeigen: DE: Bundesinstitut f\u00fcr Arzneimittel und Medizinprodukte, Abt. Pharmakovigilanz, Kurt-Georg-Kiesinger-Allee 3, D-53175 Bonn, Website: http:\/\/www.bfarm.de; AT: Bundesamt f\u00fcr Sicherheit im Gesundheitswesen, Traisengasse 5, 1200 WIEN, \u00d6STERREICH, Fax: + 43 (0) 50 555 36207, Website: http:\/\/www.basg.gv.at\/.<\/span><\/p>\n<\/div>\n<\/div><\/div><\/div><div class=\"fusion-clearfix\"><\/div><\/div><\/div><div class=\"fusion-layout-column fusion_builder_column fusion-builder-column-3 fusion_builder_column_1_2 1_2 fusion-one-half fusion-column-last fusion-column-no-min-height\" style=\"--awb-padding-top:80px;--awb-bg-color:rgba(102,102,164,0);--awb-bg-color-hover:rgba(102,102,164,0);--awb-bg-size:cover;width:50%;width:calc(50% - ( ( 4% ) * 0.5 ) );\"><div class=\"fusion-column-wrapper fusion-column-has-shadow fusion-flex-column-wrapper-legacy\"><div class=\"fusion-column-content-centered\"><div class=\"fusion-column-content\"><div class=\"fusion-button-wrapper\"><a class=\"fusion-button button-flat fusion-button-default-size button-default fusion-button-default button-1 fusion-button-default-span fusion-button-default-type\" target=\"_self\" href=\"https:\/\/www.bfarm.de\/\"><span class=\"fusion-button-text\">Bundesinstitut f\u00fcr Arzneimittel und Medizinprodukte<\/span><\/a><\/div><div class=\"fusion-button-wrapper\"><a class=\"fusion-button button-flat fusion-button-default-size button-default fusion-button-default button-2 fusion-button-default-span fusion-button-default-type\" target=\"_self\" href=\"https:\/\/www.basg.gv.at\"><span class=\"fusion-button-text\">Bundesamt f\u00fcr Sicherheit im Gesundheitswesen <\/span><\/a><\/div><\/div><\/div><div class=\"fusion-clearfix\"><\/div><\/div><\/div><\/div><\/div><\/p>\n","protected":false},"excerpt":{"rendered":"","protected":false},"author":1,"featured_media":0,"parent":0,"menu_order":0,"comment_status":"closed","ping_status":"closed","template":"100-width.php","meta":{"footnotes":""},"yoast_head":"<!-- This site is optimized with the Yoast SEO plugin v22.8 - https:\/\/yoast.com\/wordpress\/plugins\/seo\/ -->\n<title>Delbert Pharma Das Labor in der Welt<\/title>\n<meta name=\"description\" content=\"Kontakt Laboratoires Delbert, exploitant des AMM Clamoxyl, Levmentin (ex-Augmentin) et autres m\u00e9dicaments qui \u00e9taient en voie de disparition\" \/>\n<meta name=\"robots\" content=\"noindex, follow, max-snippet:-1, max-image-preview:large, max-video-preview:-1\" \/>\n<meta property=\"og:locale\" content=\"de_DE\" \/>\n<meta property=\"og:type\" content=\"article\" \/>\n<meta property=\"og:title\" content=\"Delbert Pharma Das Labor in der Welt\" \/>\n<meta property=\"og:description\" content=\"Kontakt Laboratoires Delbert, exploitant des AMM Clamoxyl, Levmentin (ex-Augmentin) et autres m\u00e9dicaments qui \u00e9taient en voie de disparition\" \/>\n<meta property=\"og:url\" content=\"https:\/\/staging24.delbertpharma.com\/de\/kontakt\/\" \/>\n<meta property=\"og:site_name\" content=\"Delbert Pharma\" \/>\n<meta property=\"article:modified_time\" content=\"2023-12-12T11:53:30+00:00\" \/>\n<meta name=\"twitter:card\" content=\"summary_large_image\" \/>\n<meta name=\"twitter:label1\" content=\"Gesch\u00e4tzte Lesezeit\" \/>\n\t<meta name=\"twitter:data1\" content=\"5\u00a0Minuten\" \/>\n<script type=\"application\/ld+json\" class=\"yoast-schema-graph\">{\"@context\":\"https:\/\/schema.org\",\"@graph\":[{\"@type\":\"WebPage\",\"@id\":\"https:\/\/staging24.delbertpharma.com\/de\/kontakt\/\",\"url\":\"https:\/\/staging24.delbertpharma.com\/de\/kontakt\/\",\"name\":\"Delbert Pharma Das Labor in der Welt\",\"isPartOf\":{\"@id\":\"https:\/\/staging24.delbertpharma.com\/#website\"},\"datePublished\":\"2023-06-29T08:30:48+00:00\",\"dateModified\":\"2023-12-12T11:53:30+00:00\",\"description\":\"Kontakt Laboratoires Delbert, exploitant des AMM Clamoxyl, Levmentin (ex-Augmentin) et autres m\u00e9dicaments qui \u00e9taient en voie de disparition\",\"breadcrumb\":{\"@id\":\"https:\/\/staging24.delbertpharma.com\/de\/kontakt\/#breadcrumb\"},\"inLanguage\":\"de\",\"potentialAction\":[{\"@type\":\"ReadAction\",\"target\":[\"https:\/\/staging24.delbertpharma.com\/de\/kontakt\/\"]}]},{\"@type\":\"BreadcrumbList\",\"@id\":\"https:\/\/staging24.delbertpharma.com\/de\/kontakt\/#breadcrumb\",\"itemListElement\":[{\"@type\":\"ListItem\",\"position\":1,\"name\":\"Accueil\",\"item\":\"https:\/\/staging24.delbertpharma.com\/de\/\"},{\"@type\":\"ListItem\",\"position\":2,\"name\":\"Kontakt\"}]},{\"@type\":\"WebSite\",\"@id\":\"https:\/\/staging24.delbertpharma.com\/#website\",\"url\":\"https:\/\/staging24.delbertpharma.com\/\",\"name\":\"Delbert Pharma\",\"description\":\"Une autre vision du m\u00e9dicament\",\"publisher\":{\"@id\":\"https:\/\/staging24.delbertpharma.com\/#organization\"},\"potentialAction\":[{\"@type\":\"SearchAction\",\"target\":{\"@type\":\"EntryPoint\",\"urlTemplate\":\"https:\/\/staging24.delbertpharma.com\/?s={search_term_string}\"},\"query-input\":\"required name=search_term_string\"}],\"inLanguage\":\"de\"},{\"@type\":\"Organization\",\"@id\":\"https:\/\/staging24.delbertpharma.com\/#organization\",\"name\":\"Laboratoires Delbert\",\"url\":\"https:\/\/staging24.delbertpharma.com\/\",\"logo\":{\"@type\":\"ImageObject\",\"inLanguage\":\"de\",\"@id\":\"https:\/\/staging24.delbertpharma.com\/#\/schema\/logo\/image\/\",\"url\":\"https:\/\/staging24.delbertpharma.com\/wp-content\/uploads\/2019\/02\/logo_laboratoires_delbert.png\",\"contentUrl\":\"https:\/\/staging24.delbertpharma.com\/wp-content\/uploads\/2019\/02\/logo_laboratoires_delbert.png\",\"width\":220,\"height\":156,\"caption\":\"Laboratoires Delbert\"},\"image\":{\"@id\":\"https:\/\/staging24.delbertpharma.com\/#\/schema\/logo\/image\/\"}}]}<\/script>\n<!-- \/ Yoast SEO plugin. -->","yoast_head_json":{"title":"Delbert Pharma Das Labor in der Welt","description":"Kontakt Laboratoires Delbert, exploitant des AMM Clamoxyl, Levmentin (ex-Augmentin) et autres m\u00e9dicaments qui \u00e9taient en voie de disparition","robots":{"index":"noindex","follow":"follow","max-snippet":"max-snippet:-1","max-image-preview":"max-image-preview:large","max-video-preview":"max-video-preview:-1"},"og_locale":"de_DE","og_type":"article","og_title":"Delbert Pharma Das Labor in der Welt","og_description":"Kontakt Laboratoires Delbert, exploitant des AMM Clamoxyl, Levmentin (ex-Augmentin) et autres m\u00e9dicaments qui \u00e9taient en voie de disparition","og_url":"https:\/\/staging24.delbertpharma.com\/de\/kontakt\/","og_site_name":"Delbert Pharma","article_modified_time":"2023-12-12T11:53:30+00:00","twitter_card":"summary_large_image","twitter_misc":{"Gesch\u00e4tzte Lesezeit":"5\u00a0Minuten"},"schema":{"@context":"https:\/\/schema.org","@graph":[{"@type":"WebPage","@id":"https:\/\/staging24.delbertpharma.com\/de\/kontakt\/","url":"https:\/\/staging24.delbertpharma.com\/de\/kontakt\/","name":"Delbert Pharma Das Labor in der Welt","isPartOf":{"@id":"https:\/\/staging24.delbertpharma.com\/#website"},"datePublished":"2023-06-29T08:30:48+00:00","dateModified":"2023-12-12T11:53:30+00:00","description":"Kontakt Laboratoires Delbert, exploitant des AMM Clamoxyl, Levmentin (ex-Augmentin) et autres m\u00e9dicaments qui \u00e9taient en voie de disparition","breadcrumb":{"@id":"https:\/\/staging24.delbertpharma.com\/de\/kontakt\/#breadcrumb"},"inLanguage":"de","potentialAction":[{"@type":"ReadAction","target":["https:\/\/staging24.delbertpharma.com\/de\/kontakt\/"]}]},{"@type":"BreadcrumbList","@id":"https:\/\/staging24.delbertpharma.com\/de\/kontakt\/#breadcrumb","itemListElement":[{"@type":"ListItem","position":1,"name":"Accueil","item":"https:\/\/staging24.delbertpharma.com\/de\/"},{"@type":"ListItem","position":2,"name":"Kontakt"}]},{"@type":"WebSite","@id":"https:\/\/staging24.delbertpharma.com\/#website","url":"https:\/\/staging24.delbertpharma.com\/","name":"Delbert Pharma","description":"Une autre vision du m\u00e9dicament","publisher":{"@id":"https:\/\/staging24.delbertpharma.com\/#organization"},"potentialAction":[{"@type":"SearchAction","target":{"@type":"EntryPoint","urlTemplate":"https:\/\/staging24.delbertpharma.com\/?s={search_term_string}"},"query-input":"required name=search_term_string"}],"inLanguage":"de"},{"@type":"Organization","@id":"https:\/\/staging24.delbertpharma.com\/#organization","name":"Laboratoires Delbert","url":"https:\/\/staging24.delbertpharma.com\/","logo":{"@type":"ImageObject","inLanguage":"de","@id":"https:\/\/staging24.delbertpharma.com\/#\/schema\/logo\/image\/","url":"https:\/\/staging24.delbertpharma.com\/wp-content\/uploads\/2019\/02\/logo_laboratoires_delbert.png","contentUrl":"https:\/\/staging24.delbertpharma.com\/wp-content\/uploads\/2019\/02\/logo_laboratoires_delbert.png","width":220,"height":156,"caption":"Laboratoires Delbert"},"image":{"@id":"https:\/\/staging24.delbertpharma.com\/#\/schema\/logo\/image\/"}}]}},"_links":{"self":[{"href":"https:\/\/staging24.delbertpharma.com\/de\/wp-json\/wp\/v2\/pages\/7528"}],"collection":[{"href":"https:\/\/staging24.delbertpharma.com\/de\/wp-json\/wp\/v2\/pages"}],"about":[{"href":"https:\/\/staging24.delbertpharma.com\/de\/wp-json\/wp\/v2\/types\/page"}],"author":[{"embeddable":true,"href":"https:\/\/staging24.delbertpharma.com\/de\/wp-json\/wp\/v2\/users\/1"}],"replies":[{"embeddable":true,"href":"https:\/\/staging24.delbertpharma.com\/de\/wp-json\/wp\/v2\/comments?post=7528"}],"version-history":[{"count":51,"href":"https:\/\/staging24.delbertpharma.com\/de\/wp-json\/wp\/v2\/pages\/7528\/revisions"}],"predecessor-version":[{"id":8774,"href":"https:\/\/staging24.delbertpharma.com\/de\/wp-json\/wp\/v2\/pages\/7528\/revisions\/8774"}],"wp:attachment":[{"href":"https:\/\/staging24.delbertpharma.com\/de\/wp-json\/wp\/v2\/media?parent=7528"}],"curies":[{"name":"wp","href":"https:\/\/api.w.org\/{rel}","templated":true}]}}