{"id":7516,"date":"2023-06-29T08:21:31","date_gmt":"2023-06-29T08:21:31","guid":{"rendered":"https:\/\/staging.laboratoires-delbert.fr\/datenschutzrichtlinie\/"},"modified":"2023-12-20T17:55:59","modified_gmt":"2023-12-20T17:55:59","slug":"datenschutzrichtlinie","status":"publish","type":"page","link":"https:\/\/staging24.delbertpharma.com\/de\/datenschutzrichtlinie\/","title":{"rendered":"Datenschutzrichtlinie"},"content":{"rendered":"<div class=\"fusion-fullwidth fullwidth-box fusion-builder-row-1 fusion-flex-container has-pattern-background has-mask-background nonhundred-percent-fullwidth non-hundred-percent-height-scrolling\" style=\"--awb-border-radius-top-left:0px;--awb-border-radius-top-right:0px;--awb-border-radius-bottom-right:0px;--awb-border-radius-bottom-left:0px;--awb-flex-wrap:wrap;\" ><div class=\"fusion-builder-row fusion-row fusion-flex-align-items-flex-start fusion-flex-content-wrap\" style=\"max-width:1248px;margin-left: calc(-4% \/ 2 );margin-right: calc(-4% \/ 2 );\"><div class=\"fusion-layout-column fusion_builder_column fusion-builder-column-0 fusion_builder_column_1_5 1_5 fusion-flex-column\" style=\"--awb-bg-size:cover;--awb-width-large:20%;--awb-margin-top-large:0px;--awb-spacing-right-large:9.6%;--awb-margin-bottom-large:20px;--awb-spacing-left-large:9.6%;--awb-width-medium:100%;--awb-order-medium:0;--awb-spacing-right-medium:1.92%;--awb-spacing-left-medium:1.92%;--awb-width-small:100%;--awb-order-small:0;--awb-spacing-right-small:1.92%;--awb-spacing-left-small:1.92%;\"><div class=\"fusion-column-wrapper fusion-column-has-shadow fusion-flex-justify-content-flex-start fusion-content-layout-column\"><\/div><\/div><div class=\"fusion-layout-column fusion_builder_column fusion-builder-column-1 fusion_builder_column_3_5 3_5 fusion-flex-column\" style=\"--awb-bg-size:cover;--awb-width-large:60%;--awb-margin-top-large:0px;--awb-spacing-right-large:3.2%;--awb-margin-bottom-large:20px;--awb-spacing-left-large:3.2%;--awb-width-medium:100%;--awb-order-medium:0;--awb-spacing-right-medium:1.92%;--awb-spacing-left-medium:1.92%;--awb-width-small:100%;--awb-order-small:0;--awb-spacing-right-small:1.92%;--awb-spacing-left-small:1.92%;\"><div class=\"fusion-column-wrapper fusion-column-has-shadow fusion-flex-justify-content-flex-start fusion-content-layout-column\"><div class=\"fusion-text fusion-text-1\"><h3>Allgemeines<\/h3>\n<p>Der Schutz ihrer Privatsph\u00e4re ist f\u00fcr Laboratoires DELBERT von h\u00f6chster Bedeutung. Wir verpflichten uns daher, Ihre personenbezogenen Daten zu sch\u00fctzen und in voller Transparenz, sowie im Einklang mit allen gesetzlichen Bestimmungen zu verarbeiten.<\/p>\n<p>Mit dieser Datenschutzinformation informieren wir Sie dar\u00fcber, wie, in welchem Umfang und zu welchen Zwecken wir bei der Nutzung unserer Webseite und dar\u00fcber hinaus personenbezogene Daten verarbeiten.<\/p>\n<p>Gegenstand des Datenschutzes sind personenbezogene Daten. Personenbezogene Daten sind gem\u00e4\u00df Art. 4 DSGVO alle Informationen, die sich auf eine identifizierte oder identifizierbare nat\u00fcrliche Person beziehen. Hierzu geh\u00f6ren z. B. Angaben wie Name, Adresse, E-Mail-Adresse oder Telefonnummer aber auch Nutzungsdaten wie z. B. Ihre IP-Adresse oder Inhaltsdaten wie die von Ihnen verfassten Nachrichten, die Sie \u00fcber Formulare an uns senden. Wir verarbeiten personenbezogene Daten nur in \u00dcbereinstimmung mit den gesetzlichen Regelungen, insbesondere der EU-Datenschutz-Grundverordnung (DSGVO) und dem Bundesdatenschutzgesetz (BDSG).<\/p>\n<h3>Umfang der Datenschutzrichtlinie<\/h3>\n<p>Soweit wir f\u00fcr Verarbeitungsvorg\u00e4nge von personenbezogenen Daten Ihre Einwilligung einholen, dient Art. 6 Abs. 1 S. 1 lit. a DSGVO als Rechtsgrundlage. Bei der Verarbeitung Ihrer personenbezogenen Daten, die zur Erf\u00fcllung eines Vertrages zwischen Ihnen und uns erforderlich sind, dient Art. 6 Abs. 1 S. 1 lit. b DSGVO als Rechtsgrundlage. Dies gilt auch f\u00fcr Verarbeitungsvorg\u00e4nge, die zur Durchf\u00fchrung vorvertraglicher Ma\u00dfnahmen erforderlich sind. Soweit eine Verarbeitung personenbezogener Daten zur Erf\u00fcllung einer rechtlichen Verpflichtung erforderlich ist, welcher der Verantwortliche unterliegt, dient Art. 6 Abs. 1 S. 1 lit. c DSGVO als Rechtsgrundlage. Ist die Verarbeitung zur Wahrung eines berechtigten Interesses unseres Unternehmens oder eines Dritten erforderlich und \u00fcberwiegen die Interessen, Grundrechte und Grundfreiheiten der betroffenen Person das erstgenannte Interesse nicht, so dient Art. 6 Abs. 1 S. 1 lit. f DSGVO als Rechtsgrundlage.<\/p>\n<h3>Art der gesammelten Informationen<\/h3>\n<p>Im Rahmen der informatorischen Nutzung unserer Webseite, z. B. wenn Sie sich registrieren oder uns anderweitig Informationen \u00fcbermitteln, erheben wir nur die personenbezogenen Daten, die Ihr Browser an unseren Server \u00fcbermittelt. Wenn Sie unsere Webseite besuchen m\u00f6chten, erheben wir die folgenden Daten, die f\u00fcr uns technisch erforderlich sind, um Ihnen unsere Webseite anzuzeigen und die Stabilit\u00e4t und Sicherheit zu gew\u00e4hrleisten. Rechtsgrundlage ist Art. 6 Abs. 1 S. 1 lit. f DSGVO. Wir als Webseitenbetreiber haben ein berechtigtes Interesse an der technisch fehlerfreien Darstellung und der Optimierung unserer Webseite &#8211; hierzu m\u00fcssen folgende Server-Log-Files erfasst werden:<\/p>\n<p>&#8211; Informationen, die Sie direkt identifizieren: Ihr Name, Vorname, Postanschrift, E-Mail-Adresse und andere identifizierende Daten;<\/p>\n<p>&#8211; Informationen, anhand derer Sie indirekt identifiziert werden k\u00f6nnen: Telefonnummer usw.<\/p>\n<p>Wir sammeln diese Informationen:<\/p>\n<p><span style=\"color: var(--awb-text-color); font-family: var(--awb-text-font-family); font-size: var(--awb-font-size); font-style: var(--awb-text-font-style); font-weight: var(--awb-text-font-weight); letter-spacing: var(--awb-letter-spacing); text-transform: var(--awb-text-transform); background-color: var(--awb-bg-color);\">&#8211; Direkt von Ihnen, wenn Sie sie uns mitteilen;<\/span><\/p>\n<p>&#8211; Automatisch, wenn Sie auf der Webseite surfen;<\/p>\n<h3>Zweck der Datenerhebung durch Laboratoires DELBERT<\/h3>\n<p>Laboratoires DELBERT k\u00f6nnen Ihre personenbezogenen Daten ausschlie\u00dflich zu folgenden Zwecken sammeln:<\/p>\n<p>&#8211; Um die Verwaltung unserer Aktivit\u00e4ten zu optimieren, indem wir auf verschiedene Anfragen reagieren und die Markteinf\u00fchrung unserer Produkte vornehmen.<\/p>\n<p>&#8211; Einhaltung der gesetzlichen und regulatorischen Verpflichtungen, die f\u00fcr Arzneimittelunternehmen wie Laboratoires DELBERT gelten,<\/p>\n<p>&#8211; Allen Personen, die sich an uns wenden, Unterst\u00fctzung zu bieten,<\/p>\n<p>&#8211; Uns zu erm\u00f6glichen, Ihnen so nahe wie m\u00f6glich zu sein, insbesondere durch die Beantwortung Ihrer verschiedenen Anfragen und Fragen, durch die Bereitstellung von Informationen administrativer Art,<\/p>\n<p>&#8211; Beantwortung von Anfragen von Verwaltungs- oder Justizbeh\u00f6rden in \u00dcbereinstimmung mit dem geltenden Recht; Beantwortung einer gerichtlichen Aufforderung, einer Anordnung oder einer anderen Entscheidung einer Justiz- oder Verwaltungsbeh\u00f6rde.<\/p>\n<p>&#8211; Schutz unserer Rechte und Interessen, der Gesundheit und der Sicherheit.<\/p>\n<h3>Die Grundlagen der Datenverarbeitung durch Laboratoires DELBERT.<\/h3>\n<p>Laboratoires DELBERT verarbeiten alle personenbezogenen Daten auf rechtm\u00e4\u00dfige Weise und st\u00fctzen sich dabei auf eine der folgenden Rechtsgrundlagen:<\/p>\n<p>&#8211; Die vorherige Zustimmung, die sich aus einem klar ausgedr\u00fcckten Einverst\u00e4ndnis ergibt.<\/p>\n<p>&#8211; Das Bestehen einer vertraglichen Beziehung.<\/p>\n<p>&#8211; Gesetzliche Verpflichtungen, die auf die von Laboratoires DELBERT durchgef\u00fchrten Aktivit\u00e4ten anwendbar sind.<\/p>\n<p>&#8211; die Verfolgung eines berechtigten Interesses im Sinne der geltenden Vorschriften zum Schutz personenbezogener Daten.<\/p>\n<p>Laboratoires DELBERT k\u00f6nnen, wenn n\u00f6tig, die Verarbeitung personenbezogener Daten auf eine andere Rechtsgrundlage ausrichten, wenn diese durch die <span style=\"color: var(--awb-text-color); font-family: var(--awb-text-font-family); font-size: var(--awb-font-size); font-style: var(--awb-text-font-style); font-weight: var(--awb-text-font-weight); letter-spacing: var(--awb-letter-spacing); text-transform: var(--awb-text-transform); background-color: var(--awb-bg-color);\">Verordnung (EU) 2016\/679 des Europ\u00e4ischen Parlaments und des Rates vom 27. April 2016 (DSGVO)<\/span> zugelassen ist.<\/p>\n<h3><span style=\"color: var(--awb-text-color); font-family: var(--awb-text-font-family); font-size: var(--awb-font-size); font-style: var(--awb-text-font-style); font-weight: var(--awb-text-font-weight); letter-spacing: var(--awb-letter-spacing); text-transform: var(--awb-text-transform); background-color: var(--awb-bg-color);\">Die Erhebung von Daten durch Laboratoires<\/span> <span style=\"color: var(--awb-text-color); font-family: var(--awb-text-font-family); font-size: var(--awb-font-size); font-style: var(--awb-text-font-style); font-weight: var(--awb-text-font-weight); letter-spacing: var(--awb-letter-spacing); text-transform: var(--awb-text-transform); background-color: var(--awb-bg-color);\">Delbert<\/span><\/h3>\n<p><span style=\"color: var(--awb-text-color); font-family: var(--awb-text-font-family); font-size: var(--awb-font-size); font-style: var(--awb-text-font-style); font-weight: var(--awb-text-font-weight); letter-spacing: var(--awb-letter-spacing); text-transform: var(--awb-text-transform); background-color: var(--awb-bg-color);\">Laboratoires DELBERT k\u00f6nnen personenbezogene Daten ausfolgenden Quellen sammeln:<\/span><\/p>\n<p>&#8211; Daten, die Sie uns \u00fcber verschiedene Medien mitteilen,<\/p>\n<p>&#8211; Daten, die \u00f6ffentlich zug\u00e4nglich gemacht wurden, einschlie\u00dflich der von Ihnen ver\u00f6ffentlichten Daten,<\/p>\n<p>&#8211; Daten, die uns auf rechtm\u00e4\u00dfige Weise von Dritten \u00fcbermittelt werden,<\/p>\n<p><span style=\"color: var(--awb-text-color); font-family: var(--awb-text-font-family); font-size: var(--awb-font-size); font-style: var(--awb-text-font-style); font-weight: var(--awb-text-font-weight); letter-spacing: var(--awb-letter-spacing); text-transform: var(--awb-text-transform); background-color: var(--awb-bg-color);\">Wir m\u00f6chten Sie daran erinnern, dass unsere Webseite nicht f\u00fcr Kinder unter 13 Jahren bestimmt ist. Wir werden daher nicht freiwillig personenbezogene Daten von Kindern unter 13 Jahren sammeln.<\/span><\/p>\n<p>Es ist jedoch m\u00f6glich, dass wir mit Zustimmung der Eltern oder Erziehungsberechtigten personenbezogene Daten von Kindern erheben, um Dienstleistungen im Rahmen unserer Gesch\u00e4ftst\u00e4tigkeit zu erbringen. Es ist jedoch m\u00f6glich, dass wir mit Zustimmung der Eltern oder Erziehungsberechtigten personenbezogene Daten von Kindern erheben, um Dienstleistungen im Rahmen unserer Gesch\u00e4ftst\u00e4tigkeit zu erbringen. F\u00fcr den Fall, dass ein Elternteil oder Vormund erf\u00e4hrt, dass sein Kind uns personenbezogene Daten zur Verf\u00fcgung gestellt hat, bitten wir ihn, sich mit uns in Verbindung zu setzen. Wir werden dann die notwendigen Schritte unternehmen, um diese Daten gem\u00e4\u00df den geltenden rechtlichen Anforderungen aus unserer Datenbank zu entfernen.<\/p>\n<h3>Der Zugang zu personenbezogenen Daten<\/h3>\n<p>F\u00fcr alle oben beschriebenen Zwecke k\u00f6nnen Laboratoires DELBERT Ihre personenbezogenen Daten an die unten aufgef\u00fchrten autorisierten Parteien weitergeben:<\/p>\n<p>&#8211; Laboratoires DELBERT und unsere Partner (Angeh\u00f6rige der Gesundheitsberufe und Gesundheitsorganisationen, Vertriebsh\u00e4ndler, andere Mitglieder der pharmazeutischen Industrie und des Gesundheitssektors).<\/p>\n<p>&#8211; Unser Dienstleister, der unter unseren Anweisungen f\u00fcr das Hosting unserer Webseite, die Datenanalyse, die Bereitstellung von IT-Dienstleistungen, E-Mail-System usw. handelt.<\/p>\n<p>&#8211; Jede Verwaltungs- oder Justizbeh\u00f6rde, wenn dies nach geltendem Recht, einschlie\u00dflich ausl\u00e4ndischer Rechtsvorschriften, erforderlich ist.<\/p>\n<p><span style=\"color: var(--awb-text-color); font-family: var(--awb-text-font-family); font-size: var(--awb-font-size); font-style: var(--awb-text-font-style); font-weight: var(--awb-text-font-weight); letter-spacing: var(--awb-letter-spacing); text-transform: var(--awb-text-transform); background-color: var(--awb-bg-color);\">Im Falle der \u00dcbermittlung von Daten an andere Dritte werden Sie gem\u00e4\u00df den geltenden Informationshinweisen ordnungsgem\u00e4\u00df dar\u00fcber informiert.<\/span><\/p>\n<p>In jedem Fall stellen Laboratoires DELBERT sicher, dass die Dritten, an die die personenbezogenen Daten weitergegeben werden:<\/p>\n<p>&#8211; sich zur Einhaltung der geltenden Datenschutzgesetze und der Grunds\u00e4tze dieser Richtlinie verpflichten;<\/p>\n<p>&#8211; die personenbezogenen Daten ausschlie\u00dflich f\u00fcr die in dieser Richtlinie beschriebenen Zwecke verarbeiten; und<\/p>\n<p>&#8211; setzen geeignete technische und organisatorische Sicherheitsma\u00dfnahmen ein, um die Integrit\u00e4t und Vertraulichkeit Ihrer pers\u00f6nlichen Daten zu sch\u00fctzen.<\/p>\n<h3>Die Sicherung und Aufbewahrung <span style=\"color: var(--awb-text-color); font-family: var(--awb-text-font-family); font-size: var(--awb-font-size); font-style: var(--awb-text-font-style); font-weight: var(--awb-text-font-weight); letter-spacing: var(--awb-letter-spacing); text-transform: var(--awb-text-transform); background-color: var(--awb-bg-color);\">pers\u00f6nlicher Daten<\/span><\/h3>\n<p>Laboratoires DELBERT haben alle notwendigen Verfahren und organisatorischen Ma\u00dfnahmen eingef\u00fchrt, um die Vertraulichkeit und Integrit\u00e4t der personenbezogenen Daten zu gew\u00e4hrleisten.<\/p>\n<p>Laboratoires DELBERT verpflichten sich, personenbezogene Daten nur so lange zu speichern, wie es f\u00fcr die Zwecke, f\u00fcr die sie gesammelt wurden, erforderlich ist.<\/p>\n<p>Es ist jedoch m\u00f6glich, dass die Daten f\u00fcr einen l\u00e4ngeren Zeitraum aufbewahrt werden m\u00fcssen, wie dies nach geltendem Recht zul\u00e4ssig oder vorgeschrieben ist oder soweit dies f\u00fcr den Schutz der Rechte und Interessen des Unternehmens erforderlich ist.<\/p>\n<h3>Rechte in Bezug auf personenbezogene Daten<\/h3>\n<p>Laboratoires DELBERT m\u00f6chten Sie dar\u00fcber informieren, dass Sie \u00fcber Rechte in Bezug auf Ihre personenbezogenen Daten verf\u00fcgen, die im geltenden Recht vorgesehen sind und vorbehaltlich der Einschr\u00e4nkungen, die aufgrund von Ausnahmen oder gesetzlichen Verpflichtungen gelten k\u00f6nnen. Diese sind wie folgt:<\/p>\n<p>&#8211; das Recht auf Zugang auf einfache Anfrage bei unseren Dienststellen,<\/p>\n<p>&#8211; das Recht auf Berichtigung, wenn Ihre Daten unrichtig, unvollst\u00e4ndig oder veraltet sind,<\/p>\n<p>&#8211; das Recht auf L\u00f6schung Ihrer personenbezogenen Daten in den F\u00e4llen, die in den geltenden Rechtsvorschriften zum Schutz personenbezogener Daten vorgesehen sind,<\/p>\n<p>&#8211; das Recht, Ihre Zustimmung zur Verarbeitung personenbezogener Daten zu widerrufen, wenn diese Daten auf der Grundlage Ihrer Zustimmung verarbeitet und gesammelt werden,<\/p>\n<p>&#8211; das Recht, Widerspruch gegen die Verarbeitung Ihrer personenbezogenen Daten einzulegen,<\/p>\n<p>&#8211; das Recht auf Einschr\u00e4nkung der Verarbeitung,<\/p>\n<p>&#8211; das Recht auf \u00dcbertragbarkeit Ihrer personenbezogenen Daten.<\/p>\n<p>F\u00fcr den Fall, dass Sie eines dieser Rechte aus\u00fcben m\u00f6chten, kontaktieren Sie uns bitte unter der E-Mail-Adresse: dpo@delbert.fr oder \u00fcber unser Kontaktformular: https:\/\/staging24.delbertpharma.com\/contact\/<\/p>\n<p>Sie k\u00f6nnen auch eine Beschwerde bei der zust\u00e4ndigen Datenschutzbeh\u00f6rde \u00fcber die Verarbeitung Ihrer pers\u00f6nlichen Daten einreichen. Obwohl wir Sie bitten, sich zuerst mit uns in Verbindung zu setzen, m\u00fcssen Sie sich, wenn Sie dieses Recht aus\u00fcben m\u00f6chten, direkt an die zust\u00e4ndige Datenschutzbeh\u00f6rde wenden.<\/p>\n<p><i>(1) VERORDNUNG (EU) 2016\/679 DES EUROP\u00c4ISCHEN PARLAMENTS UND DES RATES vom 27. April 2016: &#8222;Personenbezogene Daten&#8220; sind alle Informationen, die sich auf eine identifizierte oder identifizierbare nat\u00fcrliche Person beziehen. <\/i><\/p>\n<\/div><\/div><\/div><div class=\"fusion-layout-column fusion_builder_column fusion-builder-column-2 fusion_builder_column_1_5 1_5 fusion-flex-column\" style=\"--awb-bg-size:cover;--awb-width-large:20%;--awb-margin-top-large:0px;--awb-spacing-right-large:9.6%;--awb-margin-bottom-large:20px;--awb-spacing-left-large:9.6%;--awb-width-medium:100%;--awb-order-medium:0;--awb-spacing-right-medium:1.92%;--awb-spacing-left-medium:1.92%;--awb-width-small:100%;--awb-order-small:0;--awb-spacing-right-small:1.92%;--awb-spacing-left-small:1.92%;\"><div class=\"fusion-column-wrapper fusion-column-has-shadow fusion-flex-justify-content-flex-start fusion-content-layout-column\"><\/div><\/div><\/div><\/div>\n","protected":false},"excerpt":{"rendered":"","protected":false},"author":5,"featured_media":0,"parent":0,"menu_order":0,"comment_status":"closed","ping_status":"closed","template":"","meta":{"footnotes":""},"yoast_head":"<!-- This site is optimized with the Yoast SEO plugin v22.8 - https:\/\/yoast.com\/wordpress\/plugins\/seo\/ -->\n<title>Datenschutzrichtlinie - Delbert Pharma<\/title>\n<meta name=\"robots\" content=\"noindex, follow, max-snippet:-1, max-image-preview:large, max-video-preview:-1\" \/>\n<meta property=\"og:locale\" content=\"de_DE\" \/>\n<meta property=\"og:type\" content=\"article\" \/>\n<meta property=\"og:title\" content=\"Datenschutzrichtlinie - Delbert Pharma\" \/>\n<meta property=\"og:url\" content=\"https:\/\/staging24.delbertpharma.com\/de\/datenschutzrichtlinie\/\" \/>\n<meta property=\"og:site_name\" content=\"Delbert Pharma\" \/>\n<meta property=\"article:modified_time\" content=\"2023-12-20T17:55:59+00:00\" \/>\n<meta name=\"twitter:card\" content=\"summary_large_image\" \/>\n<meta name=\"twitter:label1\" content=\"Gesch\u00e4tzte Lesezeit\" \/>\n\t<meta name=\"twitter:data1\" content=\"9\u00a0Minuten\" \/>\n<script type=\"application\/ld+json\" class=\"yoast-schema-graph\">{\"@context\":\"https:\/\/schema.org\",\"@graph\":[{\"@type\":\"WebPage\",\"@id\":\"https:\/\/staging24.delbertpharma.com\/de\/datenschutzrichtlinie\/\",\"url\":\"https:\/\/staging24.delbertpharma.com\/de\/datenschutzrichtlinie\/\",\"name\":\"Datenschutzrichtlinie - Delbert Pharma\",\"isPartOf\":{\"@id\":\"https:\/\/staging24.delbertpharma.com\/#website\"},\"datePublished\":\"2023-06-29T08:21:31+00:00\",\"dateModified\":\"2023-12-20T17:55:59+00:00\",\"breadcrumb\":{\"@id\":\"https:\/\/staging24.delbertpharma.com\/de\/datenschutzrichtlinie\/#breadcrumb\"},\"inLanguage\":\"de\",\"potentialAction\":[{\"@type\":\"ReadAction\",\"target\":[\"https:\/\/staging24.delbertpharma.com\/de\/datenschutzrichtlinie\/\"]}]},{\"@type\":\"BreadcrumbList\",\"@id\":\"https:\/\/staging24.delbertpharma.com\/de\/datenschutzrichtlinie\/#breadcrumb\",\"itemListElement\":[{\"@type\":\"ListItem\",\"position\":1,\"name\":\"Accueil\",\"item\":\"https:\/\/staging24.delbertpharma.com\/de\/\"},{\"@type\":\"ListItem\",\"position\":2,\"name\":\"Datenschutzrichtlinie\"}]},{\"@type\":\"WebSite\",\"@id\":\"https:\/\/staging24.delbertpharma.com\/#website\",\"url\":\"https:\/\/staging24.delbertpharma.com\/\",\"name\":\"Delbert Pharma\",\"description\":\"Une autre vision du m\u00e9dicament\",\"publisher\":{\"@id\":\"https:\/\/staging24.delbertpharma.com\/#organization\"},\"potentialAction\":[{\"@type\":\"SearchAction\",\"target\":{\"@type\":\"EntryPoint\",\"urlTemplate\":\"https:\/\/staging24.delbertpharma.com\/?s={search_term_string}\"},\"query-input\":\"required name=search_term_string\"}],\"inLanguage\":\"de\"},{\"@type\":\"Organization\",\"@id\":\"https:\/\/staging24.delbertpharma.com\/#organization\",\"name\":\"Laboratoires Delbert\",\"url\":\"https:\/\/staging24.delbertpharma.com\/\",\"logo\":{\"@type\":\"ImageObject\",\"inLanguage\":\"de\",\"@id\":\"https:\/\/staging24.delbertpharma.com\/#\/schema\/logo\/image\/\",\"url\":\"https:\/\/staging24.delbertpharma.com\/wp-content\/uploads\/2019\/02\/logo_laboratoires_delbert.png\",\"contentUrl\":\"https:\/\/staging24.delbertpharma.com\/wp-content\/uploads\/2019\/02\/logo_laboratoires_delbert.png\",\"width\":220,\"height\":156,\"caption\":\"Laboratoires Delbert\"},\"image\":{\"@id\":\"https:\/\/staging24.delbertpharma.com\/#\/schema\/logo\/image\/\"}}]}<\/script>\n<!-- \/ Yoast SEO plugin. -->","yoast_head_json":{"title":"Datenschutzrichtlinie - Delbert Pharma","robots":{"index":"noindex","follow":"follow","max-snippet":"max-snippet:-1","max-image-preview":"max-image-preview:large","max-video-preview":"max-video-preview:-1"},"og_locale":"de_DE","og_type":"article","og_title":"Datenschutzrichtlinie - Delbert Pharma","og_url":"https:\/\/staging24.delbertpharma.com\/de\/datenschutzrichtlinie\/","og_site_name":"Delbert Pharma","article_modified_time":"2023-12-20T17:55:59+00:00","twitter_card":"summary_large_image","twitter_misc":{"Gesch\u00e4tzte Lesezeit":"9\u00a0Minuten"},"schema":{"@context":"https:\/\/schema.org","@graph":[{"@type":"WebPage","@id":"https:\/\/staging24.delbertpharma.com\/de\/datenschutzrichtlinie\/","url":"https:\/\/staging24.delbertpharma.com\/de\/datenschutzrichtlinie\/","name":"Datenschutzrichtlinie - Delbert Pharma","isPartOf":{"@id":"https:\/\/staging24.delbertpharma.com\/#website"},"datePublished":"2023-06-29T08:21:31+00:00","dateModified":"2023-12-20T17:55:59+00:00","breadcrumb":{"@id":"https:\/\/staging24.delbertpharma.com\/de\/datenschutzrichtlinie\/#breadcrumb"},"inLanguage":"de","potentialAction":[{"@type":"ReadAction","target":["https:\/\/staging24.delbertpharma.com\/de\/datenschutzrichtlinie\/"]}]},{"@type":"BreadcrumbList","@id":"https:\/\/staging24.delbertpharma.com\/de\/datenschutzrichtlinie\/#breadcrumb","itemListElement":[{"@type":"ListItem","position":1,"name":"Accueil","item":"https:\/\/staging24.delbertpharma.com\/de\/"},{"@type":"ListItem","position":2,"name":"Datenschutzrichtlinie"}]},{"@type":"WebSite","@id":"https:\/\/staging24.delbertpharma.com\/#website","url":"https:\/\/staging24.delbertpharma.com\/","name":"Delbert Pharma","description":"Une autre vision du m\u00e9dicament","publisher":{"@id":"https:\/\/staging24.delbertpharma.com\/#organization"},"potentialAction":[{"@type":"SearchAction","target":{"@type":"EntryPoint","urlTemplate":"https:\/\/staging24.delbertpharma.com\/?s={search_term_string}"},"query-input":"required name=search_term_string"}],"inLanguage":"de"},{"@type":"Organization","@id":"https:\/\/staging24.delbertpharma.com\/#organization","name":"Laboratoires Delbert","url":"https:\/\/staging24.delbertpharma.com\/","logo":{"@type":"ImageObject","inLanguage":"de","@id":"https:\/\/staging24.delbertpharma.com\/#\/schema\/logo\/image\/","url":"https:\/\/staging24.delbertpharma.com\/wp-content\/uploads\/2019\/02\/logo_laboratoires_delbert.png","contentUrl":"https:\/\/staging24.delbertpharma.com\/wp-content\/uploads\/2019\/02\/logo_laboratoires_delbert.png","width":220,"height":156,"caption":"Laboratoires Delbert"},"image":{"@id":"https:\/\/staging24.delbertpharma.com\/#\/schema\/logo\/image\/"}}]}},"_links":{"self":[{"href":"https:\/\/staging24.delbertpharma.com\/de\/wp-json\/wp\/v2\/pages\/7516"}],"collection":[{"href":"https:\/\/staging24.delbertpharma.com\/de\/wp-json\/wp\/v2\/pages"}],"about":[{"href":"https:\/\/staging24.delbertpharma.com\/de\/wp-json\/wp\/v2\/types\/page"}],"author":[{"embeddable":true,"href":"https:\/\/staging24.delbertpharma.com\/de\/wp-json\/wp\/v2\/users\/5"}],"replies":[{"embeddable":true,"href":"https:\/\/staging24.delbertpharma.com\/de\/wp-json\/wp\/v2\/comments?post=7516"}],"version-history":[{"count":20,"href":"https:\/\/staging24.delbertpharma.com\/de\/wp-json\/wp\/v2\/pages\/7516\/revisions"}],"predecessor-version":[{"id":8814,"href":"https:\/\/staging24.delbertpharma.com\/de\/wp-json\/wp\/v2\/pages\/7516\/revisions\/8814"}],"wp:attachment":[{"href":"https:\/\/staging24.delbertpharma.com\/de\/wp-json\/wp\/v2\/media?parent=7516"}],"curies":[{"name":"wp","href":"https:\/\/api.w.org\/{rel}","templated":true}]}}